{"id":7918,"date":"2023-02-24T04:13:41","date_gmt":"2023-02-24T04:13:41","guid":{"rendered":"https:\/\/fivaindustriatextil.com\/?post_type=product&#038;p=7918"},"modified":"2023-02-24T04:14:05","modified_gmt":"2023-02-24T04:14:05","slug":"poleras-blancas-personalizadas-para-parejas","status":"publish","type":"product","link":"https:\/\/fivaindustriatextil.com\/index.php\/product\/poleras-blancas-personalizadas-para-parejas\/","title":{"rendered":"Poleras blancas personalizadas para parejas"},"content":{"rendered":"","protected":false},"excerpt":{"rendered":"<p><b>Personalizamos poleras\u00a0 con dise\u00f1os para toda ocasi\u00f3n (estampado o vinil textil)<\/b><\/p>\n<p><strong>Material Polera:\u00a0<\/strong>Algod\u00f3n franela<\/p>\n<p><strong>Talla:\u00a0<\/strong>L-M-S<\/p>\n<p><strong>Dise\u00f1o:\u00a0<\/strong>Tenemos una variedad de dise\u00f1os para toda ocasi\u00f3n o tambi\u00e9n puedes enviar tu propio dise\u00f1o.<\/p>\n<p><strong>Material Dise\u00f1o:\u00a0<\/strong>Estampado o Vinilo textil<\/p>\n<p><strong>Cantidad m\u00ednima de pedido:<\/strong>\u00a01 unidad<\/p>\n<p><strong>Entrega:\u00a0<\/strong>Personalmente o se realizan env\u00edos a todo Arequipa o provincias (el costo del env\u00edo corre por cuenta del comprador) sea por agencias, olva courier, glovo, etc.<\/p>\n","protected":false},"featured_media":7913,"template":"","meta":[],"product_brand":[],"product_cat":[67],"product_tag":[],"class_list":{"0":"post-7918","1":"product","2":"type-product","3":"status-publish","4":"has-post-thumbnail","6":"product_cat-polera","8":"first","9":"instock","10":"shipping-taxable","11":"product-type-simple"},"_links":{"self":[{"href":"https:\/\/fivaindustriatextil.com\/index.php\/wp-json\/wp\/v2\/product\/7918","targetHints":{"allow":["GET"]}}],"collection":[{"href":"https:\/\/fivaindustriatextil.com\/index.php\/wp-json\/wp\/v2\/product"}],"about":[{"href":"https:\/\/fivaindustriatextil.com\/index.php\/wp-json\/wp\/v2\/types\/product"}],"wp:featuredmedia":[{"embeddable":true,"href":"https:\/\/fivaindustriatextil.com\/index.php\/wp-json\/wp\/v2\/media\/7913"}],"wp:attachment":[{"href":"https:\/\/fivaindustriatextil.com\/index.php\/wp-json\/wp\/v2\/media?parent=7918"}],"wp:term":[{"taxonomy":"product_brand","embeddable":true,"href":"https:\/\/fivaindustriatextil.com\/index.php\/wp-json\/wp\/v2\/product_brand?post=7918"},{"taxonomy":"product_cat","embeddable":true,"href":"https:\/\/fivaindustriatextil.com\/index.php\/wp-json\/wp\/v2\/product_cat?post=7918"},{"taxonomy":"product_tag","embeddable":true,"href":"https:\/\/fivaindustriatextil.com\/index.php\/wp-json\/wp\/v2\/product_tag?post=7918"}],"curies":[{"name":"wp","href":"https:\/\/api.w.org\/{rel}","templated":true}]}}