{"id":8011,"date":"2023-02-28T19:16:08","date_gmt":"2023-02-28T19:16:08","guid":{"rendered":"https:\/\/fivaindustriatextil.com\/?post_type=product&#038;p=8011"},"modified":"2023-02-28T19:16:09","modified_gmt":"2023-02-28T19:16:09","slug":"camiseta-sublimada-psg-colores","status":"publish","type":"product","link":"https:\/\/fivaindustriatextil.com\/index.php\/product\/camiseta-sublimada-psg-colores\/","title":{"rendered":"Camiseta sublimada PSG colores"},"content":{"rendered":"","protected":false},"excerpt":{"rendered":"<p><strong>Confeccionamos uniformes deportivos personalizados para hombre y mujer, sublimados en impresi\u00f3n digital.<\/strong><\/p>\n<p><strong>Material:\u00a0<\/strong>Tela deportiva dry, win, micro nike.<\/p>\n<p><strong>Modelo:\u00a0<\/strong>Cuello redondo o el modelo que desee.<\/p>\n<p><strong>Talla:\u00a0<\/strong>Confeccionamos en todas las tallas para hombre y mujer.<\/p>\n<p><strong>Dise\u00f1o:\u00a0<\/strong>Tenemos una variedad de dise\u00f1os de equipos de f\u00fatbol y Pa\u00edses o tambi\u00e9n puedes enviar tu propio dise\u00f1o.<\/p>\n<p><strong>Impresi\u00f3n:\u00a0<\/strong>Sublimado digital full color.<\/p>\n<p><strong>Cantidad m\u00ednima de pedido:<\/strong>\u00a06 unidades<\/p>\n<p><strong>Entrega:\u00a0<\/strong>Personalmente o se realizan env\u00edos a todo Arequipa o provincias (el env\u00edo corre por cuenta del comprador) sea por agencias, olva courier, glovo, etc.<\/p>\n","protected":false},"featured_media":8014,"template":"","meta":[],"product_brand":[],"product_cat":[64],"product_tag":[],"class_list":{"0":"post-8011","1":"product","2":"type-product","3":"status-publish","4":"has-post-thumbnail","6":"product_cat-sublimado-full-color-con-disenos-personalizados","8":"first","9":"instock","10":"shipping-taxable","11":"product-type-simple"},"_links":{"self":[{"href":"https:\/\/fivaindustriatextil.com\/index.php\/wp-json\/wp\/v2\/product\/8011","targetHints":{"allow":["GET"]}}],"collection":[{"href":"https:\/\/fivaindustriatextil.com\/index.php\/wp-json\/wp\/v2\/product"}],"about":[{"href":"https:\/\/fivaindustriatextil.com\/index.php\/wp-json\/wp\/v2\/types\/product"}],"wp:featuredmedia":[{"embeddable":true,"href":"https:\/\/fivaindustriatextil.com\/index.php\/wp-json\/wp\/v2\/media\/8014"}],"wp:attachment":[{"href":"https:\/\/fivaindustriatextil.com\/index.php\/wp-json\/wp\/v2\/media?parent=8011"}],"wp:term":[{"taxonomy":"product_brand","embeddable":true,"href":"https:\/\/fivaindustriatextil.com\/index.php\/wp-json\/wp\/v2\/product_brand?post=8011"},{"taxonomy":"product_cat","embeddable":true,"href":"https:\/\/fivaindustriatextil.com\/index.php\/wp-json\/wp\/v2\/product_cat?post=8011"},{"taxonomy":"product_tag","embeddable":true,"href":"https:\/\/fivaindustriatextil.com\/index.php\/wp-json\/wp\/v2\/product_tag?post=8011"}],"curies":[{"name":"wp","href":"https:\/\/api.w.org\/{rel}","templated":true}]}}